{"id":3,"date":"2017-03-06T08:53:25","date_gmt":"2017-03-06T08:53:25","guid":{"rendered":"http:\/\/viktvaktarna-kampanj.se\/framgang\/?page_id=3"},"modified":"2019-03-22T14:37:33","modified_gmt":"2019-03-22T14:37:33","slug":"framgang","status":"publish","type":"page","link":"https:\/\/viktvaktarna-kampanj.se\/framgang\/","title":{"rendered":"Framg\u00e5ng"},"content":{"rendered":"<div id=\"pl-3\"  class=\"panel-layout\" ><div id=\"pg-3-0\"  class=\"panel-grid panel-has-style\" ><div class=\"panel-row-style panel-row-style-for-3-0\" ><div id=\"pgc-3-0-0\"  class=\"panel-grid-cell\" ><div id=\"panel-3-0-0-0\" class=\"so-panel widget widget_sow-editor panel-first-child panel-last-child\" data-index=\"0\" ><div class=\"panel-widget-style panel-widget-style-for-3-0-0-0\" ><div class=\"so-widget-sow-editor so-widget-sow-editor-base\">\n<div class=\"siteorigin-widget-tinymce textwidget\">\n\t<h1 style=\"text-align: center;\">Inspirera andra med din framg\u00e5ngshistoria!<\/h1><\/div>\n<\/div><\/div><\/div><\/div><\/div><\/div><div id=\"pg-3-1\"  class=\"panel-grid panel-has-style\" ><div class=\"panel-row-style panel-row-style-for-3-1\" ><div id=\"pgc-3-1-0\"  class=\"panel-grid-cell\" ><div id=\"panel-3-1-0-0\" class=\"so-panel widget widget_sow-button panel-first-child panel-last-child\" data-index=\"1\" ><div class=\"panel-widget-style panel-widget-style-for-3-1-0-0\" ><div class=\"so-widget-sow-button so-widget-sow-button-flat-6cb375e58212-3\"><div class=\"ow-button-base ow-button-align-center\">\n\t<a href=\"https:\/\/www.viktvaktarna.se\/se\/medlemmar\" class=\"ow-icon-placement-left ow-button-hover\" \t\t>\n\t\t<span>\n\t\t\t\n\t\t\tL\u00e4s mer\t\t<\/span>\n\t<\/a>\n<\/div>\n<\/div><\/div><\/div><\/div><\/div><\/div><div id=\"pg-3-2\"  class=\"panel-grid panel-no-style\" ><div id=\"pgc-3-2-0\"  class=\"panel-grid-cell\" ><div id=\"panel-3-2-0-0\" class=\"so-panel widget widget_sow-editor panel-first-child panel-last-child\" data-index=\"2\" ><div class=\"panel-widget-style panel-widget-style-for-3-2-0-0\" ><div class=\"so-widget-sow-editor so-widget-sow-editor-base\">\n<div class=\"siteorigin-widget-tinymce textwidget\">\n\t<p style=\"text-align: center;\">Grattis till din viktminskning! Du \u00e4r ett levande bevis p\u00e5 att WW ViktV\u00e4ktarna verkligen fungerar. Vi vill g\u00e4rna h\u00f6ra din framg\u00e5ngshistoria och sprida den s\u00e5 att fler kan inspireras till ett h\u00e4lsosammare liv. Fyll i formul\u00e4ret nedan s\u00e5 kan det bli din framg\u00e5nghistoria som blir publicerad.<\/p>\n<p><!--noptimize--><script type=\"text\/javascript\">\r\n    var captainformCustomVars = {};\r\n    var captainformThemeStyle = {};\r\n    var append_element = append_element || function(e){if(void 0==e)return!1;if(!(\"elementType\"in e))return!1;var n=null;if(n=e.following?e.following.parentElement:e.inside?e.inside:e.replacing?e.replacing.parentElement:\"script\"==e.elementType?document.head:document.body,null==n)return!1;var l=document.createElement(e.elementType);delete e.elementType,l=jQuery.extend(l,e),e.replacing?n.replaceChild(l,e.replacing):n.appendChild(l)};\r\n    var captainformDomReady = captainformDomReady || function(e){var t=!1,n=function(){document.addEventListener?(document.removeEventListener(\"DOMContentLoaded\",d),window.removeEventListener(\"load\",d)):(document.detachEvent(\"onreadystatechange\",d),window.detachEvent(\"onload\",d))},d=function(){t||!document.addEventListener&&\"load\"!==event.type&&\"complete\"!==document.readyState||(t=!0,n(),e())};if(\"complete\"===document.readyState)e();else if(document.addEventListener)document.addEventListener(\"DOMContentLoaded\",d),window.addEventListener(\"load\",d);else{document.attachEvent(\"onreadystatechange\",d),window.attachEvent(\"onload\",d);var o=!1;try{o=null==window.frameElement&&document.documentElement}catch(a){}o&&o.doScroll&&!function c(){if(!t){try{o.doScroll(\"left\")}catch(d){return setTimeout(c,50)}t=!0,n(),e()}}()}};\r\n    var readyStateOverflowInterval;\r\n    captainformDomReady(function() {\r\n        if (document.getElementById('captainform_js_global_vars') == null) {\r\n            append_element({\r\n                elementType: \"script\",\r\n                type: \"text\/javascript\",\r\n                id: \"captainform_js_global_vars\",\r\n                textContent: 'var frmRef=\"\"; try { frmRef=window.top.location.href; } catch(err) {}; var captainform_servicedomain=\"app.captainform.com\";var cfJsHost = \"https:\/\/\";',\r\n            });\r\n        }\r\n                try {\r\n            clearInterval(readyStateOverflowInterval);\r\n        }\r\n        catch(e) {\r\n            console.warn('[CaptainForm] Clear readyStateOverflowInterval error');\r\n        }\r\n        readyStateOverflowInterval = setInterval(function () {\r\n            try {\r\n                var elements = ['html', 'body'];\r\n                var foundElementWithOverflowHidden = false;\r\n                jQuery(elements).each(function (index, element) {\r\n                    if (jQuery(element).css('overflow-y') == 'hidden') {\r\n                        foundElementWithOverflowHidden = true;\r\n                        if(jQuery(element).height() > jQuery('window').height()){\r\n                            jQuery(window).resize();\r\n                        }\r\n                    }\r\n                    if(!foundElementWithOverflowHidden) {\r\n                        clearInterval(readyStateOverflowInterval);\r\n                    }\r\n                });\r\n            }\r\n            catch (e) {\r\n                console.warn('[CaptainForm] Overflow check error');\r\n            }\r\n        }, 300);\r\n            });\r\n<\/script><!--\/noptimize--><div id=\"774836\"><\/div>\n<!--noptimize--><script type=\"text\/javascript\">\n    captainformCustomVars['774836'] = '';\n    captainformThemeStyle['774836'] = '';\n    captainformDomReady(function () {\n        if (document.getElementById('captainform_easyxdmjs') == null) {\n            append_element({\n                elementType: \"script\",\n                type: \"text\/javascript\",\n                id: \"captainform_easyxdmjs\",\n                src: cfJsHost + captainform_servicedomain + \"\/includes\/easyXDM.min.js\",\n            });\n        }\n        if (document.getElementById('iframeresizer_embedding_system') == null) {\n            append_element({\n                elementType: \"script\",\n                type: \"text\/javascript\",\n                id: \"iframeresizer_embedding_system\",\n                src: cfJsHost + captainform_servicedomain + \"\/modules\/captainform\/js\/iframe_resizer\/3.5\/iframeResizer.min.js\",\n            });\n        }\n        append_element({\n            elementType: \"script\",\n            type: \"text\/javascript\",\n            id: \"jsform-774836\",\n            src: cfJsHost + captainform_servicedomain + \"\/jsform-774836.js?\" + captainformCustomVars['774836'] + captainformThemeStyle['774836'],\n            replacing: document.getElementById(\"774836\"),\n        });\n    });\n<\/script><!--\/noptimize--><\/p>\n<\/div>\n<\/div><\/div><\/div><\/div><\/div><\/div>","protected":false},"excerpt":{"rendered":"<p>Inspirera andra med din framg\u00e5ngshistoria!<\/p>\n","protected":false},"author":3,"featured_media":0,"parent":0,"menu_order":0,"comment_status":"closed","ping_status":"closed","template":"","meta":{"_mi_skip_tracking":false},"yoast_head":"<!-- This site is optimized with the Yoast SEO plugin v18.3 - https:\/\/yoast.com\/wordpress\/plugins\/seo\/ -->\n<title>Framg\u00e5ngshistoria - Du \u00e4r ett levande bevis p\u00e5 att ViktV\u00e4ktarna fungerar!<\/title>\n<meta name=\"description\" content=\"Vi vill g\u00e4rna h\u00f6ra din framg\u00e5ngshistoria och sprida den s\u00e5 att fler kan inspireras till ett h\u00e4lsosammare liv. Skicka din framg\u00e5ngshistoria!\" \/>\n<meta name=\"robots\" content=\"index, follow, max-snippet:-1, max-image-preview:large, max-video-preview:-1\" \/>\n<link rel=\"canonical\" href=\"https:\/\/viktvaktarna-kampanj.se\/framgang\/\" \/>\n<meta property=\"og:locale\" content=\"sv_SE\" \/>\n<meta property=\"og:type\" content=\"article\" \/>\n<meta property=\"og:title\" content=\"Framg\u00e5ngshistoria - Du \u00e4r ett levande bevis p\u00e5 att ViktV\u00e4ktarna fungerar!\" \/>\n<meta property=\"og:description\" content=\"Vi vill g\u00e4rna h\u00f6ra din framg\u00e5ngshistoria och sprida den s\u00e5 att fler kan inspireras till ett h\u00e4lsosammare liv. Skicka din framg\u00e5ngshistoria!\" \/>\n<meta property=\"og:url\" content=\"https:\/\/viktvaktarna-kampanj.se\/framgang\/\" \/>\n<meta property=\"og:site_name\" content=\"Framg\u00e5ng\" \/>\n<meta property=\"article:modified_time\" content=\"2019-03-22T14:37:33+00:00\" \/>\n<meta name=\"twitter:card\" content=\"summary\" \/>\n<script type=\"application\/ld+json\" class=\"yoast-schema-graph\">{\"@context\":\"https:\/\/schema.org\",\"@graph\":[{\"@type\":\"WebSite\",\"@id\":\"https:\/\/viktvaktarna-kampanj.se\/framgang\/#website\",\"url\":\"https:\/\/viktvaktarna-kampanj.se\/framgang\/\",\"name\":\"Framg\u00e5ng\",\"description\":\"Inspirera andra med din framg\u00e5ngshistoria\",\"potentialAction\":[{\"@type\":\"SearchAction\",\"target\":{\"@type\":\"EntryPoint\",\"urlTemplate\":\"https:\/\/viktvaktarna-kampanj.se\/framgang\/?s={search_term_string}\"},\"query-input\":\"required name=search_term_string\"}],\"inLanguage\":\"sv-SE\"},{\"@type\":\"WebPage\",\"@id\":\"https:\/\/viktvaktarna-kampanj.se\/framgang\/#webpage\",\"url\":\"https:\/\/viktvaktarna-kampanj.se\/framgang\/\",\"name\":\"Framg\u00e5ngshistoria - Du \u00e4r ett levande bevis p\u00e5 att ViktV\u00e4ktarna fungerar!\",\"isPartOf\":{\"@id\":\"https:\/\/viktvaktarna-kampanj.se\/framgang\/#website\"},\"datePublished\":\"2017-03-06T08:53:25+00:00\",\"dateModified\":\"2019-03-22T14:37:33+00:00\",\"description\":\"Vi vill g\u00e4rna h\u00f6ra din framg\u00e5ngshistoria och sprida den s\u00e5 att fler kan inspireras till ett h\u00e4lsosammare liv. Skicka din framg\u00e5ngshistoria!\",\"breadcrumb\":{\"@id\":\"https:\/\/viktvaktarna-kampanj.se\/framgang\/#breadcrumb\"},\"inLanguage\":\"sv-SE\",\"potentialAction\":[{\"@type\":\"ReadAction\",\"target\":[\"https:\/\/viktvaktarna-kampanj.se\/framgang\/\"]}]},{\"@type\":\"BreadcrumbList\",\"@id\":\"https:\/\/viktvaktarna-kampanj.se\/framgang\/#breadcrumb\",\"itemListElement\":[{\"@type\":\"ListItem\",\"position\":1,\"name\":\"Hem\",\"item\":\"https:\/\/viktvaktarna-kampanj.se\/framgang\/\"},{\"@type\":\"ListItem\",\"position\":2,\"name\":\"Framg\u00e5ng\"}]}]}<\/script>\n<!-- \/ Yoast SEO plugin. -->","yoast_head_json":{"title":"Framg\u00e5ngshistoria - Du \u00e4r ett levande bevis p\u00e5 att ViktV\u00e4ktarna fungerar!","description":"Vi vill g\u00e4rna h\u00f6ra din framg\u00e5ngshistoria och sprida den s\u00e5 att fler kan inspireras till ett h\u00e4lsosammare liv. Skicka din framg\u00e5ngshistoria!","robots":{"index":"index","follow":"follow","max-snippet":"max-snippet:-1","max-image-preview":"max-image-preview:large","max-video-preview":"max-video-preview:-1"},"canonical":"https:\/\/viktvaktarna-kampanj.se\/framgang\/","og_locale":"sv_SE","og_type":"article","og_title":"Framg\u00e5ngshistoria - Du \u00e4r ett levande bevis p\u00e5 att ViktV\u00e4ktarna fungerar!","og_description":"Vi vill g\u00e4rna h\u00f6ra din framg\u00e5ngshistoria och sprida den s\u00e5 att fler kan inspireras till ett h\u00e4lsosammare liv. Skicka din framg\u00e5ngshistoria!","og_url":"https:\/\/viktvaktarna-kampanj.se\/framgang\/","og_site_name":"Framg\u00e5ng","article_modified_time":"2019-03-22T14:37:33+00:00","twitter_card":"summary","schema":{"@context":"https:\/\/schema.org","@graph":[{"@type":"WebSite","@id":"https:\/\/viktvaktarna-kampanj.se\/framgang\/#website","url":"https:\/\/viktvaktarna-kampanj.se\/framgang\/","name":"Framg\u00e5ng","description":"Inspirera andra med din framg\u00e5ngshistoria","potentialAction":[{"@type":"SearchAction","target":{"@type":"EntryPoint","urlTemplate":"https:\/\/viktvaktarna-kampanj.se\/framgang\/?s={search_term_string}"},"query-input":"required name=search_term_string"}],"inLanguage":"sv-SE"},{"@type":"WebPage","@id":"https:\/\/viktvaktarna-kampanj.se\/framgang\/#webpage","url":"https:\/\/viktvaktarna-kampanj.se\/framgang\/","name":"Framg\u00e5ngshistoria - Du \u00e4r ett levande bevis p\u00e5 att ViktV\u00e4ktarna fungerar!","isPartOf":{"@id":"https:\/\/viktvaktarna-kampanj.se\/framgang\/#website"},"datePublished":"2017-03-06T08:53:25+00:00","dateModified":"2019-03-22T14:37:33+00:00","description":"Vi vill g\u00e4rna h\u00f6ra din framg\u00e5ngshistoria och sprida den s\u00e5 att fler kan inspireras till ett h\u00e4lsosammare liv. Skicka din framg\u00e5ngshistoria!","breadcrumb":{"@id":"https:\/\/viktvaktarna-kampanj.se\/framgang\/#breadcrumb"},"inLanguage":"sv-SE","potentialAction":[{"@type":"ReadAction","target":["https:\/\/viktvaktarna-kampanj.se\/framgang\/"]}]},{"@type":"BreadcrumbList","@id":"https:\/\/viktvaktarna-kampanj.se\/framgang\/#breadcrumb","itemListElement":[{"@type":"ListItem","position":1,"name":"Hem","item":"https:\/\/viktvaktarna-kampanj.se\/framgang\/"},{"@type":"ListItem","position":2,"name":"Framg\u00e5ng"}]}]}},"_links":{"self":[{"href":"https:\/\/viktvaktarna-kampanj.se\/framgang\/wp-json\/wp\/v2\/pages\/3"}],"collection":[{"href":"https:\/\/viktvaktarna-kampanj.se\/framgang\/wp-json\/wp\/v2\/pages"}],"about":[{"href":"https:\/\/viktvaktarna-kampanj.se\/framgang\/wp-json\/wp\/v2\/types\/page"}],"author":[{"embeddable":true,"href":"https:\/\/viktvaktarna-kampanj.se\/framgang\/wp-json\/wp\/v2\/users\/3"}],"replies":[{"embeddable":true,"href":"https:\/\/viktvaktarna-kampanj.se\/framgang\/wp-json\/wp\/v2\/comments?post=3"}],"version-history":[{"count":23,"href":"https:\/\/viktvaktarna-kampanj.se\/framgang\/wp-json\/wp\/v2\/pages\/3\/revisions"}],"predecessor-version":[{"id":142,"href":"https:\/\/viktvaktarna-kampanj.se\/framgang\/wp-json\/wp\/v2\/pages\/3\/revisions\/142"}],"wp:attachment":[{"href":"https:\/\/viktvaktarna-kampanj.se\/framgang\/wp-json\/wp\/v2\/media?parent=3"}],"curies":[{"name":"wp","href":"https:\/\/api.w.org\/{rel}","templated":true}]}}